{"id":8,"date":"2026-02-10T02:27:38","date_gmt":"2026-02-10T02:27:38","guid":{"rendered":"https:\/\/auralia-services.fr\/?page_id=8"},"modified":"2026-03-05T02:12:20","modified_gmt":"2026-03-05T02:12:20","slug":"service-telephonique-auralia-services","status":"publish","type":"page","link":"https:\/\/auralia-services.fr\/","title":{"rendered":"Ligne t\u00e9l\u00e9phonique confidentielle \u2013 Une voix douce vous attend"},"content":{"rendered":"\n<p>Besoin de parler ou de partager un moment intime ?<\/p>\n\n\n\n<p>Une voix attentive vous accompagne dans un \u00e9change discret et confidentiel. (+18)<\/p>\n\n\n\n<p>Disponible chaque soir de 18h \u00e0 2h.<\/p>\n\n\n\n<p><strong><em>Comment fonct<\/em>ionne le service ?<\/strong><\/p>\n\n\n\n<p>1\ufe0f\u20e3 Vous appelez le num\u00e9ro.<br>2\ufe0f\u20e3 Le tarif est annonc\u00e9 avant la mise en relation.<br>3\ufe0f\u20e3 Vous \u00eates mis en relation avec une h\u00f4tesse pour un \u00e9change vocal discret.<\/p>\n\n\n\n<hr class=\"wp-block-separator has-alpha-channel-opacity\"\/>\n\n\n\n<h1 class=\"wp-block-heading has-text-align-center\"><strong>\ud83d\udcde 0895 08 51 96<\/strong><\/h1>\n\n\n\n<p>Disponible MAINTENANT  &#8211; Ligne directe<\/p>\n\n\n\n<div class=\"wp-block-buttons is-layout-flex wp-block-buttons-is-layout-flex\">\n<div class=\"wp-block-button\"><a class=\"wp-block-button__link wp-element-button\">APPELER MAINTENANT<\/a><\/div>\n<\/div>\n\n\n<nav class=\"is-responsive wp-block-navigation is-layout-flex wp-block-navigation-is-layout-flex\" aria-label=\"Navigation\" \n\t\t data-wp-interactive=\"core\/navigation\" data-wp-context='{\"overlayOpenedBy\":{\"click\":false,\"hover\":false,\"focus\":false},\"type\":\"overlay\",\"roleAttribute\":\"\",\"ariaLabel\":\"Menu\"}'><button aria-haspopup=\"dialog\" aria-label=\"Ouvrir le menu\" class=\"wp-block-navigation__responsive-container-open\" \n\t\t\t\tdata-wp-on--click=\"actions.openMenuOnClick\"\n\t\t\t\tdata-wp-on--keydown=\"actions.handleMenuKeydown\"\n\t\t\t><svg width=\"24\" height=\"24\" xmlns=\"http:\/\/www.w3.org\/2000\/svg\" viewBox=\"0 0 24 24\" aria-hidden=\"true\" focusable=\"false\"><path d=\"M4 7.5h16v1.5H4z\"><\/path><path d=\"M4 15h16v1.5H4z\"><\/path><\/svg><\/button>\n\t\t\t\t<div class=\"wp-block-navigation__responsive-container\"  id=\"modal-1\" \n\t\t\t\tdata-wp-class--has-modal-open=\"state.isMenuOpen\"\n\t\t\t\tdata-wp-class--is-menu-open=\"state.isMenuOpen\"\n\t\t\t\tdata-wp-watch=\"callbacks.initMenu\"\n\t\t\t\tdata-wp-on--keydown=\"actions.handleMenuKeydown\"\n\t\t\t\tdata-wp-on--focusout=\"actions.handleMenuFocusout\"\n\t\t\t\ttabindex=\"-1\"\n\t\t\t>\n\t\t\t\t\t<div class=\"wp-block-navigation__responsive-close\" tabindex=\"-1\">\n\t\t\t\t\t\t<div class=\"wp-block-navigation__responsive-dialog\" \n\t\t\t\tdata-wp-bind--aria-modal=\"state.ariaModal\"\n\t\t\t\tdata-wp-bind--aria-label=\"state.ariaLabel\"\n\t\t\t\tdata-wp-bind--role=\"state.roleAttribute\"\n\t\t\t>\n\t\t\t\t\t\t\t<button aria-label=\"Fermer le menu\" class=\"wp-block-navigation__responsive-container-close\" \n\t\t\t\tdata-wp-on--click=\"actions.closeMenuOnClick\"\n\t\t\t><svg xmlns=\"http:\/\/www.w3.org\/2000\/svg\" viewBox=\"0 0 24 24\" width=\"24\" height=\"24\" aria-hidden=\"true\" focusable=\"false\"><path d=\"m13.06 12 6.47-6.47-1.06-1.06L12 10.94 5.53 4.47 4.47 5.53 10.94 12l-6.47 6.47 1.06 1.06L12 13.06l6.47 6.47 1.06-1.06L13.06 12Z\"><\/path><\/svg><\/button>\n\t\t\t\t\t\t\t<div class=\"wp-block-navigation__responsive-container-content\" \n\t\t\t\tdata-wp-watch=\"callbacks.focusFirstElement\"\n\t\t\t id=\"modal-1-content\">\n\t\t\t\t\t\t\t\t\n\t\t\t\t\t\t\t<\/div>\n\t\t\t\t\t\t<\/div>\n\t\t\t\t\t<\/div>\n\t\t\t\t<\/div><\/nav>\n\n\n<h1 class=\"wp-block-heading has-text-align-center\"><strong>\ud83d\udcde 0895 08 51 96<\/strong><\/h1>\n\n\n\n<p><\/p>\n\n\n\n<p>Disponible chaque soir de 18h \u00e0 02h<br>Tarif : 0,80 \u20ac TTC par minute<br>Le prix est annonc\u00e9 avant la mise en relation.<\/p>\n\n\n\n<hr class=\"wp-block-separator has-alpha-channel-opacity\"\/>\n\n\n\n<p>Une voix f\u00e9minine vous accueille pour un \u00e9change discret, priv\u00e9 et exclusivement vocal.<\/p>\n\n\n\n<p><\/p>\n\n\n\n<p>Confidentialit\u00e9 garantie.<br>Aucune rencontre physique.<br>Aucun \u00e9change de coordonn\u00e9es personnelles.<\/p>\n\n\n\n<hr class=\"wp-block-separator has-alpha-channel-opacity\"\/>\n\n\n\n<h2 class=\"wp-block-heading\">Mentions l\u00e9gales<\/h2>\n\n\n\n<p>\u00c9diteur : AURALIA SERVICES \u2013 SASU<br>Si\u00e8ge social : 15 Place Bellecour \u2013 69002 Lyon<br>SIREN : 100 300 185<br>Directeur de la publication : Nicolas Duc<\/p>\n\n\n\n<p><\/p>\n\n\n<ul class=\"wp-block-page-list\"><li class=\"wp-block-pages-list__item\"><a class=\"wp-block-pages-list__item__link\" href=\"https:\/\/auralia-services.fr\/index.php\/ligne-telephonique-privee\/\">Ligne t\u00e9l\u00e9phonique priv\u00e9e.<\/a><\/li><li class=\"wp-block-pages-list__item\"><a class=\"wp-block-pages-list__item__link\" href=\"https:\/\/auralia-services.fr\/index.php\/parler-avec-une-femme-au-telephone\/\">Parler avec une femme au t\u00e9l\u00e9phone<\/a><\/li><li class=\"wp-block-pages-list__item menu-item-home\"><a class=\"wp-block-pages-list__item__link\" href=\"https:\/\/auralia-services.fr\/\">Ligne t\u00e9l\u00e9phonique confidentielle \u2013 Une voix douce vous attend<\/a><\/li><li class=\"wp-block-pages-list__item\"><a class=\"wp-block-pages-list__item__link\" href=\"https:\/\/auralia-services.fr\/index.php\/comment-fonctionne-le-service\/\">Comment fonctionne le service ?<\/a><\/li><li class=\"wp-block-pages-list__item\"><a class=\"wp-block-pages-list__item__link\" href=\"https:\/\/auralia-services.fr\/index.php\/questions-frequentes\/\">Questions fr\u00e9quentes<\/a><\/li><\/ul>\n\n<a class=\"wp-block-read-more\" href=\"https:\/\/auralia-services.fr\/\" target=\"_self\">Service de conversation t\u00e9l\u00e9phonique pour adultes.<br>Ligne confidentielle disponible chaque soir.<br>Si vous recherchez :<br>num\u00e9ro rose discret<br>conversation t\u00e9l\u00e9phonique adulte<br>ligne priv\u00e9e pour \u00e9change vocal<br>discussion intime par t\u00e9l\u00e9phone<br>service vocal confidentiel<br>AURALIA SERVICES vous propose un \u00e9change exclusivement vocal,<br>dans le respect, la discr\u00e9tion et la confidentialit\u00e9.<span class=\"screen-reader-text\">\u00a0: Ligne t\u00e9l\u00e9phonique confidentielle \u2013 Une voix douce vous attend<\/span><\/a>\n\n\n<p>Service exploit\u00e9 par une soci\u00e9t\u00e9 fran\u00e7aise immatricul\u00e9e.<br>\u00c9change exclusivement vocal.<br>Aucune rencontre physique.<br>Aucun \u00e9change de coordonn\u00e9es personnelles.<br>Disponible 18h\u201302h.<\/p>\n\n\n\n<p><strong>\ud83d\udcde 0895 08 51 96<br>Disponible chaque soir<\/strong><\/p>\n","protected":false},"excerpt":{"rendered":"<p>Besoin de parler ou de partager un moment intime ? Une voix attentive vous accompagne dans un \u00e9change discret et confidentiel. (+18) Disponible chaque soir de 18h \u00e0 2h. Comment fonctionne le service ? 1\ufe0f\u20e3 Vous appelez le num\u00e9ro.2\ufe0f\u20e3 Le tarif est annonc\u00e9 avant la mise en relation.3\ufe0f\u20e3 Vous \u00eates mis en relation avec une [&hellip;]<\/p>\n","protected":false},"author":1,"featured_media":13,"parent":0,"menu_order":1,"comment_status":"closed","ping_status":"closed","template":"","meta":{"footnotes":""},"class_list":["post-8","page","type-page","status-publish","has-post-thumbnail","hentry"],"_links":{"self":[{"href":"https:\/\/auralia-services.fr\/index.php\/wp-json\/wp\/v2\/pages\/8","targetHints":{"allow":["GET"]}}],"collection":[{"href":"https:\/\/auralia-services.fr\/index.php\/wp-json\/wp\/v2\/pages"}],"about":[{"href":"https:\/\/auralia-services.fr\/index.php\/wp-json\/wp\/v2\/types\/page"}],"author":[{"embeddable":true,"href":"https:\/\/auralia-services.fr\/index.php\/wp-json\/wp\/v2\/users\/1"}],"replies":[{"embeddable":true,"href":"https:\/\/auralia-services.fr\/index.php\/wp-json\/wp\/v2\/comments?post=8"}],"version-history":[{"count":13,"href":"https:\/\/auralia-services.fr\/index.php\/wp-json\/wp\/v2\/pages\/8\/revisions"}],"predecessor-version":[{"id":53,"href":"https:\/\/auralia-services.fr\/index.php\/wp-json\/wp\/v2\/pages\/8\/revisions\/53"}],"wp:featuredmedia":[{"embeddable":true,"href":"https:\/\/auralia-services.fr\/index.php\/wp-json\/wp\/v2\/media\/13"}],"wp:attachment":[{"href":"https:\/\/auralia-services.fr\/index.php\/wp-json\/wp\/v2\/media?parent=8"}],"curies":[{"name":"wp","href":"https:\/\/api.w.org\/{rel}","templated":true}]}}