{"id":48,"date":"2026-03-04T22:11:03","date_gmt":"2026-03-04T22:11:03","guid":{"rendered":"https:\/\/auralia-services.fr\/?page_id=48"},"modified":"2026-03-04T22:11:11","modified_gmt":"2026-03-04T22:11:11","slug":"ligne-telephonique-privee","status":"publish","type":"page","link":"https:\/\/auralia-services.fr\/index.php\/ligne-telephonique-privee\/","title":{"rendered":"Ligne t\u00e9l\u00e9phonique priv\u00e9e."},"content":{"rendered":"\n<p>Ligne t\u00e9l\u00e9phonique priv\u00e9e.<\/p>\n\n\n\n<p>Besoin de parler ou de partager un moment intime ?<\/p>\n\n\n\n<p>Une conversation confidentielle au t\u00e9l\u00e9phone.<\/p>\n\n\n\n<p>Disponible chaque soir.<\/p>\n\n\n\n<p><strong>\ud83d\udcde 0895 08 51 96<\/strong><\/p>\n","protected":false},"excerpt":{"rendered":"<p>Ligne t\u00e9l\u00e9phonique priv\u00e9e. Besoin de parler ou de partager un moment intime ? Une conversation confidentielle au t\u00e9l\u00e9phone. Disponible chaque soir. \ud83d\udcde 0895 08 51 96<\/p>\n","protected":false},"author":1,"featured_media":13,"parent":0,"menu_order":0,"comment_status":"closed","ping_status":"closed","template":"","meta":{"footnotes":""},"class_list":["post-48","page","type-page","status-publish","has-post-thumbnail","hentry"],"_links":{"self":[{"href":"https:\/\/auralia-services.fr\/index.php\/wp-json\/wp\/v2\/pages\/48","targetHints":{"allow":["GET"]}}],"collection":[{"href":"https:\/\/auralia-services.fr\/index.php\/wp-json\/wp\/v2\/pages"}],"about":[{"href":"https:\/\/auralia-services.fr\/index.php\/wp-json\/wp\/v2\/types\/page"}],"author":[{"embeddable":true,"href":"https:\/\/auralia-services.fr\/index.php\/wp-json\/wp\/v2\/users\/1"}],"replies":[{"embeddable":true,"href":"https:\/\/auralia-services.fr\/index.php\/wp-json\/wp\/v2\/comments?post=48"}],"version-history":[{"count":1,"href":"https:\/\/auralia-services.fr\/index.php\/wp-json\/wp\/v2\/pages\/48\/revisions"}],"predecessor-version":[{"id":49,"href":"https:\/\/auralia-services.fr\/index.php\/wp-json\/wp\/v2\/pages\/48\/revisions\/49"}],"wp:featuredmedia":[{"embeddable":true,"href":"https:\/\/auralia-services.fr\/index.php\/wp-json\/wp\/v2\/media\/13"}],"wp:attachment":[{"href":"https:\/\/auralia-services.fr\/index.php\/wp-json\/wp\/v2\/media?parent=48"}],"curies":[{"name":"wp","href":"https:\/\/api.w.org\/{rel}","templated":true}]}}